{"id":27,"date":"2020-01-24T20:12:01","date_gmt":"2020-01-24T20:12:01","guid":{"rendered":"http:\/\/192.168.1.56\/?page_id=27"},"modified":"2020-02-18T11:47:28","modified_gmt":"2020-02-18T10:47:28","slug":"ip-telefonija","status":"publish","type":"page","link":"http:\/\/www.ipmont.me\/index.php\/ip-telefonija\/","title":{"rendered":"IP telefonija"},"content":{"rendered":"\t\t<div data-elementor-type=\"wp-page\" data-elementor-id=\"27\" class=\"elementor elementor-27\" data-elementor-settings=\"[]\">\n\t\t\t\t\t\t<div class=\"elementor-inner\">\n\t\t\t\t\t\t\t<div class=\"elementor-section-wrap\">\n\t\t\t\t\t\t\t<section class=\"elementor-section elementor-top-section elementor-element elementor-element-a266f91 elementor-section-stretched elementor-section-height-min-height elementor-section-boxed elementor-section-height-default elementor-section-items-middle\" data-id=\"a266f91\" data-element_type=\"section\" data-settings=\"{&quot;stretch_section&quot;:&quot;section-stretched&quot;,&quot;background_background&quot;:&quot;slideshow&quot;,&quot;background_slideshow_gallery&quot;:[{&quot;id&quot;:205,&quot;url&quot;:&quot;https:\\\/\\\/ipmont.me\\\/wp-content\\\/uploads\\\/2020\\\/02\\\/banner-2.jpg&quot;}],&quot;background_slideshow_slide_duration&quot;:5000,&quot;background_slideshow_slide_transition&quot;:&quot;fade&quot;,&quot;background_slideshow_transition_duration&quot;:500}\">\n\t\t\t\t\t\t<div class=\"elementor-container elementor-column-gap-default\">\n\t\t\t\t\t\t\t<div class=\"elementor-row\">\n\t\t\t\t\t<div class=\"elementor-column elementor-col-100 elementor-top-column elementor-element elementor-element-2c7abb1\" data-id=\"2c7abb1\" data-element_type=\"column\">\n\t\t\t<div class=\"elementor-column-wrap elementor-element-populated\">\n\t\t\t\t\t\t\t<div class=\"elementor-widget-wrap\">\n\t\t\t\t\t\t<div class=\"elementor-element elementor-element-1ce4021 elementor-widget elementor-widget-heading\" data-id=\"1ce4021\" data-element_type=\"widget\" data-widget_type=\"heading.default\">\n\t\t\t\t<div class=\"elementor-widget-container\">\n\t\t\t<h2 class=\"elementor-heading-title elementor-size-default\">IP telefonija<\/h2>\t\t<\/div>\n\t\t\t\t<\/div>\n\t\t\t\t\t\t<\/div>\n\t\t\t\t\t<\/div>\n\t\t<\/div>\n\t\t\t\t\t\t\t\t<\/div>\n\t\t\t\t\t<\/div>\n\t\t<\/section>\n\t\t\t\t<section class=\"elementor-section elementor-top-section elementor-element elementor-element-25ce5d42 elementor-section-stretched elementor-section-boxed elementor-section-height-default elementor-section-height-default\" data-id=\"25ce5d42\" data-element_type=\"section\" data-settings=\"{&quot;background_background&quot;:&quot;gradient&quot;,&quot;stretch_section&quot;:&quot;section-stretched&quot;}\">\n\t\t\t\t\t\t<div class=\"elementor-container elementor-column-gap-default\">\n\t\t\t\t\t\t\t<div class=\"elementor-row\">\n\t\t\t\t\t<div class=\"elementor-column elementor-col-100 elementor-top-column elementor-element elementor-element-5559ae0a\" data-id=\"5559ae0a\" data-element_type=\"column\">\n\t\t\t<div class=\"elementor-column-wrap elementor-element-populated\">\n\t\t\t\t\t\t\t<div class=\"elementor-widget-wrap\">\n\t\t\t\t\t\t<section class=\"elementor-section elementor-inner-section elementor-element elementor-element-73c53742 elementor-section-boxed elementor-section-height-default elementor-section-height-default\" data-id=\"73c53742\" data-element_type=\"section\">\n\t\t\t\t\t\t<div class=\"elementor-container elementor-column-gap-wider\">\n\t\t\t\t\t\t\t<div class=\"elementor-row\">\n\t\t\t\t\t<div class=\"elementor-column elementor-col-33 elementor-inner-column elementor-element elementor-element-2ea5a2b2 elementor-invisible\" data-id=\"2ea5a2b2\" data-element_type=\"column\" data-settings=\"{&quot;animation&quot;:&quot;fadeInUp&quot;}\">\n\t\t\t<div class=\"elementor-column-wrap elementor-element-populated\">\n\t\t\t\t\t\t\t<div class=\"elementor-widget-wrap\">\n\t\t\t\t\t\t<div class=\"elementor-element elementor-element-6eb6d8d3 elementor-widget elementor-widget-testimonial\" data-id=\"6eb6d8d3\" data-element_type=\"widget\" data-widget_type=\"testimonial.default\">\n\t\t\t\t<div class=\"elementor-widget-container\">\n\t\t\t\t\t<div class=\"elementor-testimonial-wrapper elementor-testimonial-text-align-left\">\n\t\t\t\t\t\t\t<div class=\"elementor-testimonial-content\">Iskoristite prednosti savremenih tehnologija u Va\u0161em poslovnom okru\u017eenju i pre\u0111ite na IP telefoniju koja \u0107e Vam omogu\u0107iti: ni\u017ee tro\u0161kove telefonskih usluga, detaljan uvid u obavljene pozive i njihovo tarifiranje, funkcionalnost snimanja razgovora, govornu po\u0161tu, dostavljanje govornih poruka na e-mail adresu, fleksibilno preusmjeravanje poziva, pristup korisni\u010dkom portalu sa detaljnim zapisima poziva...<br><\/div>\n\t\t\t\n\t\t\t\t\t\t<div class=\"elementor-testimonial-meta elementor-has-image elementor-testimonial-image-position-aside\">\n\t\t\t\t<div class=\"elementor-testimonial-meta-inner\">\n\t\t\t\t\t\t\t\t\t\t\t<div class=\"elementor-testimonial-image\">\n\t\t\t\t\t\t\t<a href=\"https:\/\/ipmont.me\/wp-content\/uploads\/2020\/02\/Stampa-Opsti-uslovi.pdf\" target=\"_blank\"><img width=\"1500\" height=\"1500\" src=\"http:\/\/www.ipmont.me\/wp-content\/uploads\/2020\/02\/Globus.png\" class=\"attachment-full size-full\" alt=\"\" decoding=\"async\" loading=\"lazy\" srcset=\"http:\/\/www.ipmont.me\/wp-content\/uploads\/2020\/02\/Globus.png 1500w, http:\/\/www.ipmont.me\/wp-content\/uploads\/2020\/02\/Globus-300x300.png 300w, http:\/\/www.ipmont.me\/wp-content\/uploads\/2020\/02\/Globus-1024x1024.png 1024w, http:\/\/www.ipmont.me\/wp-content\/uploads\/2020\/02\/Globus-150x150.png 150w, http:\/\/www.ipmont.me\/wp-content\/uploads\/2020\/02\/Globus-768x768.png 768w\" sizes=\"(max-width: 1500px) 100vw, 1500px\" \/><\/a>\t\t\t\t\t\t<\/div>\n\t\t\t\t\t\n\t\t\t\t\t\t\t\t\t\t<div class=\"elementor-testimonial-details\">\n\t\t\t\t\t\t\t\t\t\t\t\t\t\t<a class=\"elementor-testimonial-name\" href=\"https:\/\/ipmont.me\/wp-content\/uploads\/2020\/02\/Stampa-Opsti-uslovi.pdf\" target=\"_blank\">Op\u0161ti uslovi<\/a>\n\t\t\t\t\t\t\t\t\t\t\t\t\t\t\t\t\t\t\t\t\t\t<a class=\"elementor-testimonial-job\" href=\"https:\/\/ipmont.me\/wp-content\/uploads\/2020\/02\/Stampa-Opsti-uslovi.pdf\" target=\"_blank\">pru\u017eanja usluga<\/a>\n\t\t\t\t\t\t\t\t\t\t\t\t\t<\/div>\n\t\t\t\t\t\t\t\t\t<\/div>\n\t\t\t<\/div>\n\t\t\t\t\t<\/div>\n\t\t\t\t<\/div>\n\t\t\t\t<\/div>\n\t\t\t\t\t\t<\/div>\n\t\t\t\t\t<\/div>\n\t\t<\/div>\n\t\t\t\t<div class=\"elementor-column elementor-col-33 elementor-inner-column elementor-element elementor-element-2dcce2f9 elementor-invisible\" data-id=\"2dcce2f9\" data-element_type=\"column\" data-settings=\"{&quot;animation&quot;:&quot;fadeInUp&quot;,&quot;animation_delay&quot;:200}\">\n\t\t\t<div class=\"elementor-column-wrap elementor-element-populated\">\n\t\t\t\t\t\t\t<div class=\"elementor-widget-wrap\">\n\t\t\t\t\t\t<div class=\"elementor-element elementor-element-3d24502e elementor-widget elementor-widget-testimonial\" data-id=\"3d24502e\" data-element_type=\"widget\" data-widget_type=\"testimonial.default\">\n\t\t\t\t<div class=\"elementor-widget-container\">\n\t\t\t\t\t<div class=\"elementor-testimonial-wrapper elementor-testimonial-text-align-left\">\n\t\t\t\t\t\t\t<div class=\"elementor-testimonial-content\">IPMPNT uslugu IP telefonije nudi u dvije varijante:\n1. IP telefonija na fiksnoj lokaciji u Podgorici sa geografskom numeracijom (prefiksom 020)  koja je prilago\u0111ena kancelarijskom okru\u017eenju, <br>2. IP telefonija sa VoIP \"nomadskom\" numeracijom (prefiksom 078), koja je prilago\u0111ena korisnicima u pokretu i van Podgorice. U ovoj varijanti je mogu\u0107a instalacija aplikacije na mobilni smart telefon<br><\/div>\n\t\t\t\n\t\t\t\t\t\t<div class=\"elementor-testimonial-meta elementor-has-image elementor-testimonial-image-position-aside\">\n\t\t\t\t<div class=\"elementor-testimonial-meta-inner\">\n\t\t\t\t\t\t\t\t\t\t\t<div class=\"elementor-testimonial-image\">\n\t\t\t\t\t\t\t<a href=\"https:\/\/ipmont.me\/wp-content\/uploads\/2020\/02\/Ugovor-IP-telefonija.pdf\" target=\"_blank\"><img width=\"2200\" height=\"1650\" src=\"http:\/\/www.ipmont.me\/wp-content\/uploads\/2020\/02\/3d-illustration-land-and-a-group-of-suitcases-to-1202595.jpg\" class=\"attachment-full size-full\" alt=\"\" decoding=\"async\" loading=\"lazy\" srcset=\"http:\/\/www.ipmont.me\/wp-content\/uploads\/2020\/02\/3d-illustration-land-and-a-group-of-suitcases-to-1202595.jpg 2200w, http:\/\/www.ipmont.me\/wp-content\/uploads\/2020\/02\/3d-illustration-land-and-a-group-of-suitcases-to-1202595-300x225.jpg 300w, http:\/\/www.ipmont.me\/wp-content\/uploads\/2020\/02\/3d-illustration-land-and-a-group-of-suitcases-to-1202595-1024x768.jpg 1024w, http:\/\/www.ipmont.me\/wp-content\/uploads\/2020\/02\/3d-illustration-land-and-a-group-of-suitcases-to-1202595-768x576.jpg 768w, http:\/\/www.ipmont.me\/wp-content\/uploads\/2020\/02\/3d-illustration-land-and-a-group-of-suitcases-to-1202595-1536x1152.jpg 1536w, http:\/\/www.ipmont.me\/wp-content\/uploads\/2020\/02\/3d-illustration-land-and-a-group-of-suitcases-to-1202595-2048x1536.jpg 2048w\" sizes=\"(max-width: 2200px) 100vw, 2200px\" \/><\/a>\t\t\t\t\t\t<\/div>\n\t\t\t\t\t\n\t\t\t\t\t\t\t\t\t\t<div class=\"elementor-testimonial-details\">\n\t\t\t\t\t\t\t\t\t\t\t\t\t\t<a class=\"elementor-testimonial-name\" href=\"https:\/\/ipmont.me\/wp-content\/uploads\/2020\/02\/Ugovor-IP-telefonija.pdf\" target=\"_blank\">Tipski ugovor<\/a>\n\t\t\t\t\t\t\t\t\t\t\t\t\t\t\t\t\t\t\t\t\t\t<a class=\"elementor-testimonial-job\" href=\"https:\/\/ipmont.me\/wp-content\/uploads\/2020\/02\/Ugovor-IP-telefonija.pdf\" target=\"_blank\">za IP telefoniju<\/a>\n\t\t\t\t\t\t\t\t\t\t\t\t\t<\/div>\n\t\t\t\t\t\t\t\t\t<\/div>\n\t\t\t<\/div>\n\t\t\t\t\t<\/div>\n\t\t\t\t<\/div>\n\t\t\t\t<\/div>\n\t\t\t\t\t\t<\/div>\n\t\t\t\t\t<\/div>\n\t\t<\/div>\n\t\t\t\t<div class=\"elementor-column elementor-col-33 elementor-inner-column elementor-element elementor-element-587c4dfb elementor-invisible\" data-id=\"587c4dfb\" data-element_type=\"column\" data-settings=\"{&quot;animation&quot;:&quot;fadeInUp&quot;,&quot;animation_delay&quot;:400}\">\n\t\t\t<div class=\"elementor-column-wrap elementor-element-populated\">\n\t\t\t\t\t\t\t<div class=\"elementor-widget-wrap\">\n\t\t\t\t\t\t<div class=\"elementor-element elementor-element-706349df elementor-widget elementor-widget-testimonial\" data-id=\"706349df\" data-element_type=\"widget\" data-widget_type=\"testimonial.default\">\n\t\t\t\t<div class=\"elementor-widget-container\">\n\t\t\t\t\t<div class=\"elementor-testimonial-wrapper elementor-testimonial-text-align-left\">\n\t\t\t\t\t\t\t<div class=\"elementor-testimonial-content\">Uslov za kori\u0161\u0107enje usluge je kvalitetan pristup internetu sa ure\u0111ajem kojim planirate da je koristite: IP telefon, mobilni telefon sa Android operativnim sistemom ili desktop ra\u010dunar. Pozovite na\u0161u korisni\u010dku slu\u017ebu i raspitajte se o detaljima. Na linkovima ispod mo\u017eete vidjeti: Op\u0161te uslove pru\u017eanja usluga, Tipske ugovore za IP telefoniju, kao i cjenovnik poziva svih destinacija.<br><br><\/div>\n\t\t\t\n\t\t\t\t\t\t<div class=\"elementor-testimonial-meta elementor-has-image elementor-testimonial-image-position-aside\">\n\t\t\t\t<div class=\"elementor-testimonial-meta-inner\">\n\t\t\t\t\t\t\t\t\t\t\t<div class=\"elementor-testimonial-image\">\n\t\t\t\t\t\t\t<a href=\"https:\/\/ipmont.me\/wp-content\/uploads\/2020\/02\/Cjenovnik-IP-telefonija.pdf\" target=\"_blank\"><img width=\"1920\" height=\"1920\" src=\"http:\/\/www.ipmont.me\/wp-content\/uploads\/2020\/02\/communication-1015376_1920.jpg\" class=\"attachment-full size-full\" alt=\"\" decoding=\"async\" loading=\"lazy\" srcset=\"http:\/\/www.ipmont.me\/wp-content\/uploads\/2020\/02\/communication-1015376_1920.jpg 1920w, http:\/\/www.ipmont.me\/wp-content\/uploads\/2020\/02\/communication-1015376_1920-300x300.jpg 300w, http:\/\/www.ipmont.me\/wp-content\/uploads\/2020\/02\/communication-1015376_1920-1024x1024.jpg 1024w, http:\/\/www.ipmont.me\/wp-content\/uploads\/2020\/02\/communication-1015376_1920-150x150.jpg 150w, http:\/\/www.ipmont.me\/wp-content\/uploads\/2020\/02\/communication-1015376_1920-768x768.jpg 768w, http:\/\/www.ipmont.me\/wp-content\/uploads\/2020\/02\/communication-1015376_1920-1536x1536.jpg 1536w\" sizes=\"(max-width: 1920px) 100vw, 1920px\" \/><\/a>\t\t\t\t\t\t<\/div>\n\t\t\t\t\t\n\t\t\t\t\t\t\t\t\t\t<div class=\"elementor-testimonial-details\">\n\t\t\t\t\t\t\t\t\t\t\t\t\t\t<a class=\"elementor-testimonial-name\" href=\"https:\/\/ipmont.me\/wp-content\/uploads\/2020\/02\/Cjenovnik-IP-telefonija.pdf\" target=\"_blank\">Cjenovnik<\/a>\n\t\t\t\t\t\t\t\t\t\t\t\t\t\t\t\t\t\t\t\t\t\t<a class=\"elementor-testimonial-job\" href=\"https:\/\/ipmont.me\/wp-content\/uploads\/2020\/02\/Cjenovnik-IP-telefonija.pdf\" target=\"_blank\">poziva<\/a>\n\t\t\t\t\t\t\t\t\t\t\t\t\t<\/div>\n\t\t\t\t\t\t\t\t\t<\/div>\n\t\t\t<\/div>\n\t\t\t\t\t<\/div>\n\t\t\t\t<\/div>\n\t\t\t\t<\/div>\n\t\t\t\t\t\t<\/div>\n\t\t\t\t\t<\/div>\n\t\t<\/div>\n\t\t\t\t\t\t\t\t<\/div>\n\t\t\t\t\t<\/div>\n\t\t<\/section>\n\t\t\t\t\t\t<\/div>\n\t\t\t\t\t<\/div>\n\t\t<\/div>\n\t\t\t\t\t\t\t\t<\/div>\n\t\t\t\t\t<\/div>\n\t\t<\/section>\n\t\t\t\t<section class=\"elementor-section elementor-top-section elementor-element elementor-element-4ad94773 elementor-section-boxed elementor-section-height-default elementor-section-height-default\" data-id=\"4ad94773\" data-element_type=\"section\" data-settings=\"{&quot;background_background&quot;:&quot;classic&quot;}\">\n\t\t\t\t\t\t<div class=\"elementor-container elementor-column-gap-default\">\n\t\t\t\t\t\t\t<div class=\"elementor-row\">\n\t\t\t\t\t<div class=\"elementor-column elementor-col-100 elementor-top-column elementor-element elementor-element-53992dd8\" data-id=\"53992dd8\" data-element_type=\"column\">\n\t\t\t<div class=\"elementor-column-wrap elementor-element-populated\">\n\t\t\t\t\t\t\t<div class=\"elementor-widget-wrap\">\n\t\t\t\t\t\t<div class=\"elementor-element elementor-element-4be353be animated-slow elementor-invisible elementor-widget elementor-widget-heading\" data-id=\"4be353be\" data-element_type=\"widget\" data-settings=\"{&quot;_animation&quot;:&quot;fadeIn&quot;,&quot;_animation_delay&quot;:100}\" data-widget_type=\"heading.default\">\n\t\t\t\t<div class=\"elementor-widget-container\">\n\t\t\t<h2 class=\"elementor-heading-title elementor-size-default\"><a href=\"https:\/\/213.133.31.138\/login\/subscriber\/#\/login\" target=\"_blank\">Korisni\u010dki portal<\/a><\/h2>\t\t<\/div>\n\t\t\t\t<\/div>\n\t\t\t\t<div class=\"elementor-element elementor-element-cb95b3b elementor-view-default elementor-widget elementor-widget-icon\" data-id=\"cb95b3b\" data-element_type=\"widget\" data-widget_type=\"icon.default\">\n\t\t\t\t<div class=\"elementor-widget-container\">\n\t\t\t\t\t<div class=\"elementor-icon-wrapper\">\n\t\t\t<a class=\"elementor-icon\" href=\"https:\/\/213.133.31.138\/login\/subscriber\/#\/login\" target=\"_blank\">\n\t\t\t<i aria-hidden=\"true\" class=\"fas fa-users\"><\/i>\t\t\t<\/a>\n\t\t<\/div>\n\t\t\t\t<\/div>\n\t\t\t\t<\/div>\n\t\t\t\t\t\t<\/div>\n\t\t\t\t\t<\/div>\n\t\t<\/div>\n\t\t\t\t\t\t\t\t<\/div>\n\t\t\t\t\t<\/div>\n\t\t<\/section>\n\t\t\t\t<section class=\"elementor-section elementor-top-section elementor-element elementor-element-16a550b1 elementor-section-stretched elementor-section-height-min-height elementor-section-boxed elementor-section-height-default elementor-section-items-middle\" data-id=\"16a550b1\" data-element_type=\"section\" data-settings=\"{&quot;stretch_section&quot;:&quot;section-stretched&quot;,&quot;background_background&quot;:&quot;classic&quot;}\">\n\t\t\t\t\t\t<div class=\"elementor-container elementor-column-gap-default\">\n\t\t\t\t\t\t\t<div class=\"elementor-row\">\n\t\t\t\t\t<div class=\"elementor-column elementor-col-25 elementor-top-column elementor-element elementor-element-5da3c40f\" data-id=\"5da3c40f\" data-element_type=\"column\">\n\t\t\t<div class=\"elementor-column-wrap elementor-element-populated\">\n\t\t\t\t\t\t\t<div class=\"elementor-widget-wrap\">\n\t\t\t\t\t\t<div class=\"elementor-element elementor-element-14e9da64 elementor-widget elementor-widget-text-editor\" data-id=\"14e9da64\" data-element_type=\"widget\" data-widget_type=\"text-editor.default\">\n\t\t\t\t<div class=\"elementor-widget-container\">\n\t\t\t\t\t<div class=\"elementor-text-editor elementor-clearfix\"><ul><li><a href=\"https:\/\/ipmont.me\/\">Po\u010detna<\/a><\/li><li><a href=\"https:\/\/ipmont.me\/index.php\/o-nama\/\">O nama<\/a><\/li><\/ul><\/div>\n\t\t\t\t<\/div>\n\t\t\t\t<\/div>\n\t\t\t\t\t\t<\/div>\n\t\t\t\t\t<\/div>\n\t\t<\/div>\n\t\t\t\t<div class=\"elementor-column elementor-col-25 elementor-top-column elementor-element elementor-element-5badc4ca\" data-id=\"5badc4ca\" data-element_type=\"column\">\n\t\t\t<div class=\"elementor-column-wrap elementor-element-populated\">\n\t\t\t\t\t\t\t<div class=\"elementor-widget-wrap\">\n\t\t\t\t\t\t<div class=\"elementor-element elementor-element-55c1f753 elementor-widget elementor-widget-text-editor\" data-id=\"55c1f753\" data-element_type=\"widget\" data-widget_type=\"text-editor.default\">\n\t\t\t\t<div class=\"elementor-widget-container\">\n\t\t\t\t\t<div class=\"elementor-text-editor elementor-clearfix\"><ul><li><a href=\"https:\/\/ipmont.me\/wp-content\/uploads\/2020\/02\/Stampa-Opsti-uslovi.pdf\" target=\"_blank\" rel=\"noopener\">Op\u0161ti uslovi pru\u017eanja usluga<\/a><\/li><li><a href=\"https:\/\/ipmont.me\/index.php\/kontakt\/\">Kontakt<\/a><\/li><\/ul><\/div>\n\t\t\t\t<\/div>\n\t\t\t\t<\/div>\n\t\t\t\t\t\t<\/div>\n\t\t\t\t\t<\/div>\n\t\t<\/div>\n\t\t\t\t<div class=\"elementor-column elementor-col-25 elementor-top-column elementor-element elementor-element-4abb5e7b\" data-id=\"4abb5e7b\" data-element_type=\"column\">\n\t\t\t<div class=\"elementor-column-wrap elementor-element-populated\">\n\t\t\t\t\t\t\t<div class=\"elementor-widget-wrap\">\n\t\t\t\t\t\t<div class=\"elementor-element elementor-element-424a96ad elementor-widget elementor-widget-text-editor\" data-id=\"424a96ad\" data-element_type=\"widget\" data-widget_type=\"text-editor.default\">\n\t\t\t\t<div class=\"elementor-widget-container\">\n\t\t\t\t\t<div class=\"elementor-text-editor elementor-clearfix\"><ul><li><a href=\"https:\/\/ipmont.me\/index.php\/ip-telefonija\/\">IP telefonija<\/a><\/li><li><a href=\"https:\/\/ipmont.me\/index.php\/simetricni-internet\/\">Simetri\u010dni internet<\/a><\/li><\/ul><\/div>\n\t\t\t\t<\/div>\n\t\t\t\t<\/div>\n\t\t\t\t\t\t<\/div>\n\t\t\t\t\t<\/div>\n\t\t<\/div>\n\t\t\t\t<div class=\"elementor-column elementor-col-25 elementor-top-column elementor-element elementor-element-5e58adba\" data-id=\"5e58adba\" data-element_type=\"column\">\n\t\t\t<div class=\"elementor-column-wrap elementor-element-populated\">\n\t\t\t\t\t\t\t<div class=\"elementor-widget-wrap\">\n\t\t\t\t\t\t<div class=\"elementor-element elementor-element-679d8994 elementor-widget elementor-widget-text-editor\" data-id=\"679d8994\" data-element_type=\"widget\" data-widget_type=\"text-editor.default\">\n\t\t\t\t<div class=\"elementor-widget-container\">\n\t\t\t\t\t<div class=\"elementor-text-editor elementor-clearfix\"><ul><li><a href=\"https:\/\/ipmont.me\/index.php\/iznajmljene-linije\/\">Iznajmljene linije<\/a><\/li><li><a href=\"https:\/\/ipmont.me\/index.php\/iznajmlivanje-optickih-vlakana\/\">Iznajmljivanje opti\u010dkih vlakana<\/a><\/li><\/ul><\/div>\n\t\t\t\t<\/div>\n\t\t\t\t<\/div>\n\t\t\t\t\t\t<\/div>\n\t\t\t\t\t<\/div>\n\t\t<\/div>\n\t\t\t\t\t\t\t\t<\/div>\n\t\t\t\t\t<\/div>\n\t\t<\/section>\n\t\t\t\t\t\t<\/div>\n\t\t\t\t\t\t<\/div>\n\t\t\t\t\t<\/div>\n\t\t","protected":false},"excerpt":{"rendered":"<p>IP telefonija Iskoristite prednosti savremenih tehnologija u Va\u0161em poslovnom okru\u017eenju i pre\u0111ite na IP telefoniju koja \u0107e Vam omogu\u0107iti: ni\u017ee tro\u0161kove telefonskih usluga, detaljan uvid u obavljene pozive i njihovo tarifiranje, funkcionalnost snimanja razgovora, govornu po\u0161tu, dostavljanje govornih poruka na e-mail adresu, fleksibilno preusmjeravanje poziva, pristup korisni\u010dkom portalu sa detaljnim zapisima poziva&#8230; Op\u0161ti uslovi pru\u017eanja &hellip;<\/p>\n<p class=\"read-more\"> <a class=\"\" href=\"http:\/\/www.ipmont.me\/index.php\/ip-telefonija\/\"> <span class=\"screen-reader-text\">IP telefonija<\/span> Read More &raquo;<\/a><\/p>\n","protected":false},"author":1,"featured_media":0,"parent":0,"menu_order":0,"comment_status":"closed","ping_status":"closed","template":"","meta":[],"_links":{"self":[{"href":"http:\/\/www.ipmont.me\/index.php\/wp-json\/wp\/v2\/pages\/27"}],"collection":[{"href":"http:\/\/www.ipmont.me\/index.php\/wp-json\/wp\/v2\/pages"}],"about":[{"href":"http:\/\/www.ipmont.me\/index.php\/wp-json\/wp\/v2\/types\/page"}],"author":[{"embeddable":true,"href":"http:\/\/www.ipmont.me\/index.php\/wp-json\/wp\/v2\/users\/1"}],"replies":[{"embeddable":true,"href":"http:\/\/www.ipmont.me\/index.php\/wp-json\/wp\/v2\/comments?post=27"}],"version-history":[{"count":29,"href":"http:\/\/www.ipmont.me\/index.php\/wp-json\/wp\/v2\/pages\/27\/revisions"}],"predecessor-version":[{"id":459,"href":"http:\/\/www.ipmont.me\/index.php\/wp-json\/wp\/v2\/pages\/27\/revisions\/459"}],"wp:attachment":[{"href":"http:\/\/www.ipmont.me\/index.php\/wp-json\/wp\/v2\/media?parent=27"}],"curies":[{"name":"wp","href":"https:\/\/api.w.org\/{rel}","templated":true}]}}