{"id":32,"date":"2020-01-24T20:13:19","date_gmt":"2020-01-24T20:13:19","guid":{"rendered":"http:\/\/192.168.1.56\/?page_id=32"},"modified":"2020-02-18T11:48:40","modified_gmt":"2020-02-18T10:48:40","slug":"iznajmljene-linije","status":"publish","type":"page","link":"http:\/\/www.ipmont.me\/index.php\/iznajmljene-linije\/","title":{"rendered":"Iznajmljene linije"},"content":{"rendered":"\t\t<div data-elementor-type=\"wp-page\" data-elementor-id=\"32\" class=\"elementor elementor-32\" data-elementor-settings=\"[]\">\n\t\t\t\t\t\t<div class=\"elementor-inner\">\n\t\t\t\t\t\t\t<div class=\"elementor-section-wrap\">\n\t\t\t\t\t\t\t<section class=\"elementor-section elementor-top-section elementor-element elementor-element-b189d6a elementor-section-stretched elementor-section-height-min-height elementor-section-boxed elementor-section-height-default elementor-section-items-middle\" data-id=\"b189d6a\" data-element_type=\"section\" data-settings=\"{&quot;stretch_section&quot;:&quot;section-stretched&quot;,&quot;background_background&quot;:&quot;slideshow&quot;,&quot;background_slideshow_gallery&quot;:[{&quot;id&quot;:206,&quot;url&quot;:&quot;https:\\\/\\\/ipmont.me\\\/wp-content\\\/uploads\\\/2020\\\/02\\\/banner-1-11-1-1024x430-1.jpg&quot;}],&quot;background_slideshow_loop&quot;:&quot;yes&quot;,&quot;background_slideshow_slide_duration&quot;:5000,&quot;background_slideshow_slide_transition&quot;:&quot;fade&quot;,&quot;background_slideshow_transition_duration&quot;:500}\">\n\t\t\t\t\t\t<div class=\"elementor-container elementor-column-gap-default\">\n\t\t\t\t\t\t\t<div class=\"elementor-row\">\n\t\t\t\t\t<div class=\"elementor-column elementor-col-100 elementor-top-column elementor-element elementor-element-448508d\" data-id=\"448508d\" data-element_type=\"column\">\n\t\t\t<div class=\"elementor-column-wrap elementor-element-populated\">\n\t\t\t\t\t\t\t<div class=\"elementor-widget-wrap\">\n\t\t\t\t\t\t<div class=\"elementor-element elementor-element-454ee78 elementor-widget elementor-widget-heading\" data-id=\"454ee78\" data-element_type=\"widget\" data-widget_type=\"heading.default\">\n\t\t\t\t<div class=\"elementor-widget-container\">\n\t\t\t<h2 class=\"elementor-heading-title elementor-size-default\">IZNAJMLJENE LINIJE<\/h2>\t\t<\/div>\n\t\t\t\t<\/div>\n\t\t\t\t\t\t<\/div>\n\t\t\t\t\t<\/div>\n\t\t<\/div>\n\t\t\t\t\t\t\t\t<\/div>\n\t\t\t\t\t<\/div>\n\t\t<\/section>\n\t\t\t\t<section class=\"elementor-section elementor-top-section elementor-element elementor-element-860c5ff elementor-section-stretched elementor-section-height-min-height elementor-section-boxed elementor-section-height-default elementor-section-items-middle\" data-id=\"860c5ff\" data-element_type=\"section\" data-settings=\"{&quot;background_background&quot;:&quot;gradient&quot;,&quot;stretch_section&quot;:&quot;section-stretched&quot;}\">\n\t\t\t\t\t\t<div class=\"elementor-container elementor-column-gap-default\">\n\t\t\t\t\t\t\t<div class=\"elementor-row\">\n\t\t\t\t\t<div class=\"elementor-column elementor-col-100 elementor-top-column elementor-element elementor-element-398301a0\" data-id=\"398301a0\" data-element_type=\"column\">\n\t\t\t<div class=\"elementor-column-wrap elementor-element-populated\">\n\t\t\t\t\t\t\t<div class=\"elementor-widget-wrap\">\n\t\t\t\t\t\t<section class=\"elementor-section elementor-inner-section elementor-element elementor-element-3fca8191 elementor-section-boxed elementor-section-height-default elementor-section-height-default\" data-id=\"3fca8191\" data-element_type=\"section\">\n\t\t\t\t\t\t<div class=\"elementor-container elementor-column-gap-wider\">\n\t\t\t\t\t\t\t<div class=\"elementor-row\">\n\t\t\t\t\t<div class=\"elementor-column elementor-col-33 elementor-inner-column elementor-element elementor-element-51bd5695 elementor-invisible\" data-id=\"51bd5695\" data-element_type=\"column\" data-settings=\"{&quot;animation&quot;:&quot;fadeInUp&quot;}\">\n\t\t\t<div class=\"elementor-column-wrap elementor-element-populated\">\n\t\t\t\t\t\t\t<div class=\"elementor-widget-wrap\">\n\t\t\t\t\t\t<div class=\"elementor-element elementor-element-76c014a9 elementor-widget elementor-widget-testimonial\" data-id=\"76c014a9\" data-element_type=\"widget\" data-widget_type=\"testimonial.default\">\n\t\t\t\t<div class=\"elementor-widget-container\">\n\t\t\t\t\t<div class=\"elementor-testimonial-wrapper elementor-testimonial-text-align-left\">\n\t\t\t\t\t\t\t<div class=\"elementor-testimonial-content\">IPMONT nudi sigurnu i brzu Ethernet vezu od ta\u010dke do ta\u010dke ili vi\u0161e ta\u010daka u okviru svoje opti\u010dke mre\u017ee u Podgorici. Mre\u017ea i fleksibilnost nam omogu\u0107avajuda podr\u017eimo sve brzine pristupa od 1 Mbps do 10 G. Usluga obezbje\u0111uje nekoliko va\u017enih prenosti za one kojima je potreban pouzdan prenos podataka izme\u0111u vi\u0161e filijala jedne kompanije.<br><br><\/div>\n\t\t\t\n\t\t\t\t\t\t<div class=\"elementor-testimonial-meta elementor-has-image elementor-testimonial-image-position-aside\">\n\t\t\t\t<div class=\"elementor-testimonial-meta-inner\">\n\t\t\t\t\t\t\t\t\t\t\t<div class=\"elementor-testimonial-image\">\n\t\t\t\t\t\t\t<a href=\"https:\/\/ipmont.me\/wp-content\/uploads\/2020\/02\/Stampa-Opsti-uslovi.pdf\" target=\"_blank\"><img width=\"1500\" height=\"1500\" src=\"http:\/\/www.ipmont.me\/wp-content\/uploads\/2020\/02\/Globus.png\" class=\"attachment-full size-full\" alt=\"\" decoding=\"async\" loading=\"lazy\" srcset=\"http:\/\/www.ipmont.me\/wp-content\/uploads\/2020\/02\/Globus.png 1500w, http:\/\/www.ipmont.me\/wp-content\/uploads\/2020\/02\/Globus-300x300.png 300w, http:\/\/www.ipmont.me\/wp-content\/uploads\/2020\/02\/Globus-1024x1024.png 1024w, http:\/\/www.ipmont.me\/wp-content\/uploads\/2020\/02\/Globus-150x150.png 150w, http:\/\/www.ipmont.me\/wp-content\/uploads\/2020\/02\/Globus-768x768.png 768w\" sizes=\"(max-width: 1500px) 100vw, 1500px\" \/><\/a>\t\t\t\t\t\t<\/div>\n\t\t\t\t\t\n\t\t\t\t\t\t\t\t\t\t<div class=\"elementor-testimonial-details\">\n\t\t\t\t\t\t\t\t\t\t\t\t\t\t<a class=\"elementor-testimonial-name\" href=\"https:\/\/ipmont.me\/wp-content\/uploads\/2020\/02\/Stampa-Opsti-uslovi.pdf\" target=\"_blank\">Op\u0161ti uslovi<\/a>\n\t\t\t\t\t\t\t\t\t\t\t\t\t\t\t\t\t\t\t\t\t\t<a class=\"elementor-testimonial-job\" href=\"https:\/\/ipmont.me\/wp-content\/uploads\/2020\/02\/Stampa-Opsti-uslovi.pdf\" target=\"_blank\">pru\u017eanja usluge<\/a>\n\t\t\t\t\t\t\t\t\t\t\t\t\t<\/div>\n\t\t\t\t\t\t\t\t\t<\/div>\n\t\t\t<\/div>\n\t\t\t\t\t<\/div>\n\t\t\t\t<\/div>\n\t\t\t\t<\/div>\n\t\t\t\t\t\t<\/div>\n\t\t\t\t\t<\/div>\n\t\t<\/div>\n\t\t\t\t<div class=\"elementor-column elementor-col-33 elementor-inner-column elementor-element elementor-element-2f85c3b5 elementor-invisible\" data-id=\"2f85c3b5\" data-element_type=\"column\" data-settings=\"{&quot;animation&quot;:&quot;fadeInUp&quot;,&quot;animation_delay&quot;:200}\">\n\t\t\t<div class=\"elementor-column-wrap elementor-element-populated\">\n\t\t\t\t\t\t\t<div class=\"elementor-widget-wrap\">\n\t\t\t\t\t\t<div class=\"elementor-element elementor-element-7b9e0d37 elementor-widget elementor-widget-testimonial\" data-id=\"7b9e0d37\" data-element_type=\"widget\" data-widget_type=\"testimonial.default\">\n\t\t\t\t<div class=\"elementor-widget-container\">\n\t\t\t\t\t<div class=\"elementor-testimonial-wrapper elementor-testimonial-text-align-left\">\n\t\t\t\t\t\t\t<div class=\"elementor-testimonial-content\">Kao rezultat  dugogodi\u0161nje saradnje sa renomiranim inostranim operatorima zavrijedili smo poziciju njihovog lokalnog partnera, te u saradnji sa njima smo u mogu\u0107nosti da Vam ponudimo povezivanje sa me\u0111unarodnim tranzitnim ta\u010dkama za prenos podataka po izuzetno konkurentnim cijenama. Na raspolaganju su nam 6 me\u0111unarodnih i 8 \u010dvori\u0161ta u regiji.<\/div>\n\t\t\t\n\t\t\t\t\t\t<div class=\"elementor-testimonial-meta elementor-has-image elementor-testimonial-image-position-aside\">\n\t\t\t\t<div class=\"elementor-testimonial-meta-inner\">\n\t\t\t\t\t\t\t\t\t\t\t<div class=\"elementor-testimonial-image\">\n\t\t\t\t\t\t\t<a href=\"https:\/\/ipmont.me\/wp-content\/uploads\/2020\/02\/Stampa-Ugovor-LL.pdf\" target=\"_blank\"><img width=\"1920\" height=\"1137\" src=\"http:\/\/www.ipmont.me\/wp-content\/uploads\/2020\/02\/network-4393368_1920.jpg\" class=\"attachment-full size-full\" alt=\"\" decoding=\"async\" loading=\"lazy\" srcset=\"http:\/\/www.ipmont.me\/wp-content\/uploads\/2020\/02\/network-4393368_1920.jpg 1920w, http:\/\/www.ipmont.me\/wp-content\/uploads\/2020\/02\/network-4393368_1920-300x178.jpg 300w, http:\/\/www.ipmont.me\/wp-content\/uploads\/2020\/02\/network-4393368_1920-1024x606.jpg 1024w, http:\/\/www.ipmont.me\/wp-content\/uploads\/2020\/02\/network-4393368_1920-768x455.jpg 768w, http:\/\/www.ipmont.me\/wp-content\/uploads\/2020\/02\/network-4393368_1920-1536x910.jpg 1536w\" sizes=\"(max-width: 1920px) 100vw, 1920px\" \/><\/a>\t\t\t\t\t\t<\/div>\n\t\t\t\t\t\n\t\t\t\t\t\t\t\t\t\t<div class=\"elementor-testimonial-details\">\n\t\t\t\t\t\t\t\t\t\t\t\t\t\t<a class=\"elementor-testimonial-name\" href=\"https:\/\/ipmont.me\/wp-content\/uploads\/2020\/02\/Stampa-Ugovor-LL.pdf\" target=\"_blank\">Tipski ugovor za<\/a>\n\t\t\t\t\t\t\t\t\t\t\t\t\t\t\t\t\t\t\t\t\t\t<a class=\"elementor-testimonial-job\" href=\"https:\/\/ipmont.me\/wp-content\/uploads\/2020\/02\/Stampa-Ugovor-LL.pdf\" target=\"_blank\">iznajmljene linije<\/a>\n\t\t\t\t\t\t\t\t\t\t\t\t\t<\/div>\n\t\t\t\t\t\t\t\t\t<\/div>\n\t\t\t<\/div>\n\t\t\t\t\t<\/div>\n\t\t\t\t<\/div>\n\t\t\t\t<\/div>\n\t\t\t\t\t\t<\/div>\n\t\t\t\t\t<\/div>\n\t\t<\/div>\n\t\t\t\t<div class=\"elementor-column elementor-col-33 elementor-inner-column elementor-element elementor-element-1d6ceb3d elementor-invisible\" data-id=\"1d6ceb3d\" data-element_type=\"column\" data-settings=\"{&quot;animation&quot;:&quot;fadeInUp&quot;,&quot;animation_delay&quot;:400}\">\n\t\t\t<div class=\"elementor-column-wrap elementor-element-populated\">\n\t\t\t\t\t\t\t<div class=\"elementor-widget-wrap\">\n\t\t\t\t\t\t<div class=\"elementor-element elementor-element-691e205e elementor-widget elementor-widget-testimonial\" data-id=\"691e205e\" data-element_type=\"widget\" data-widget_type=\"testimonial.default\">\n\t\t\t\t<div class=\"elementor-widget-container\">\n\t\t\t\t\t<div class=\"elementor-testimonial-wrapper elementor-testimonial-text-align-left\">\n\t\t\t\t\t\t\t<div class=\"elementor-testimonial-content\">Korisniku se obezbije\u0111uje pristup javnoj elektronskoj komunikacionoj mre\u017ei putem LAN priklju\u010dka. Brzina prenosa podataka izme\u0111u dvije termnalne ta\u010dke za Uslugu iznajmljenih linija  se defini\u0161e Zahtjevom od stane korisnika.\nDio opreme kojom IPMONT pru\u017ea Uslugu ostaje u vlasni\u0161tvu IPMONT-a, locira se na strani korisnika.<br><br><\/div>\n\t\t\t\n\t\t\t\t\t\t<div class=\"elementor-testimonial-meta elementor-has-image elementor-testimonial-image-position-aside\">\n\t\t\t\t<div class=\"elementor-testimonial-meta-inner\">\n\t\t\t\t\t\t\t\t\t\t\t<div class=\"elementor-testimonial-image\">\n\t\t\t\t\t\t\t<a href=\"https:\/\/ipmont.me\/wp-content\/uploads\/2020\/02\/Cjenovnik-iznajmljena-linija.pdf\" target=\"_blank\"><img width=\"1300\" height=\"957\" src=\"http:\/\/www.ipmont.me\/wp-content\/uploads\/2020\/02\/fiber-optic-cables-connected-to-an-optic-ports-and-network-cables-FX19HE.jpg\" class=\"attachment-full size-full\" alt=\"\" decoding=\"async\" loading=\"lazy\" srcset=\"http:\/\/www.ipmont.me\/wp-content\/uploads\/2020\/02\/fiber-optic-cables-connected-to-an-optic-ports-and-network-cables-FX19HE.jpg 1300w, http:\/\/www.ipmont.me\/wp-content\/uploads\/2020\/02\/fiber-optic-cables-connected-to-an-optic-ports-and-network-cables-FX19HE-300x221.jpg 300w, http:\/\/www.ipmont.me\/wp-content\/uploads\/2020\/02\/fiber-optic-cables-connected-to-an-optic-ports-and-network-cables-FX19HE-1024x754.jpg 1024w, http:\/\/www.ipmont.me\/wp-content\/uploads\/2020\/02\/fiber-optic-cables-connected-to-an-optic-ports-and-network-cables-FX19HE-768x565.jpg 768w\" sizes=\"(max-width: 1300px) 100vw, 1300px\" \/><\/a>\t\t\t\t\t\t<\/div>\n\t\t\t\t\t\n\t\t\t\t\t\t\t\t\t\t<div class=\"elementor-testimonial-details\">\n\t\t\t\t\t\t\t\t\t\t\t\t\t\t<a class=\"elementor-testimonial-name\" href=\"https:\/\/ipmont.me\/wp-content\/uploads\/2020\/02\/Cjenovnik-iznajmljena-linija.pdf\" target=\"_blank\">Cjenovnik za <\/a>\n\t\t\t\t\t\t\t\t\t\t\t\t\t\t\t\t\t\t\t\t\t\t<a class=\"elementor-testimonial-job\" href=\"https:\/\/ipmont.me\/wp-content\/uploads\/2020\/02\/Cjenovnik-iznajmljena-linija.pdf\" target=\"_blank\">iznajmljene linije<\/a>\n\t\t\t\t\t\t\t\t\t\t\t\t\t<\/div>\n\t\t\t\t\t\t\t\t\t<\/div>\n\t\t\t<\/div>\n\t\t\t\t\t<\/div>\n\t\t\t\t<\/div>\n\t\t\t\t<\/div>\n\t\t\t\t\t\t<\/div>\n\t\t\t\t\t<\/div>\n\t\t<\/div>\n\t\t\t\t\t\t\t\t<\/div>\n\t\t\t\t\t<\/div>\n\t\t<\/section>\n\t\t\t\t\t\t<\/div>\n\t\t\t\t\t<\/div>\n\t\t<\/div>\n\t\t\t\t\t\t\t\t<\/div>\n\t\t\t\t\t<\/div>\n\t\t<\/section>\n\t\t\t\t<section class=\"elementor-section elementor-top-section elementor-element elementor-element-4e4ce1aa elementor-section-stretched elementor-section-height-min-height elementor-section-boxed elementor-section-height-default elementor-section-items-middle\" data-id=\"4e4ce1aa\" data-element_type=\"section\" data-settings=\"{&quot;stretch_section&quot;:&quot;section-stretched&quot;,&quot;background_background&quot;:&quot;classic&quot;}\">\n\t\t\t\t\t\t<div class=\"elementor-container elementor-column-gap-default\">\n\t\t\t\t\t\t\t<div class=\"elementor-row\">\n\t\t\t\t\t<div class=\"elementor-column elementor-col-25 elementor-top-column elementor-element elementor-element-370d8fe9\" data-id=\"370d8fe9\" data-element_type=\"column\">\n\t\t\t<div class=\"elementor-column-wrap elementor-element-populated\">\n\t\t\t\t\t\t\t<div class=\"elementor-widget-wrap\">\n\t\t\t\t\t\t<div class=\"elementor-element elementor-element-26764193 elementor-widget elementor-widget-text-editor\" data-id=\"26764193\" data-element_type=\"widget\" data-widget_type=\"text-editor.default\">\n\t\t\t\t<div class=\"elementor-widget-container\">\n\t\t\t\t\t<div class=\"elementor-text-editor elementor-clearfix\"><ul><li><a href=\"https:\/\/ipmont.me\/\">Po\u010detna<\/a><\/li><li><a href=\"https:\/\/ipmont.me\/index.php\/o-nama\/\">O nama<\/a><\/li><\/ul><\/div>\n\t\t\t\t<\/div>\n\t\t\t\t<\/div>\n\t\t\t\t\t\t<\/div>\n\t\t\t\t\t<\/div>\n\t\t<\/div>\n\t\t\t\t<div class=\"elementor-column elementor-col-25 elementor-top-column elementor-element elementor-element-695c98a6\" data-id=\"695c98a6\" data-element_type=\"column\">\n\t\t\t<div class=\"elementor-column-wrap elementor-element-populated\">\n\t\t\t\t\t\t\t<div class=\"elementor-widget-wrap\">\n\t\t\t\t\t\t<div class=\"elementor-element elementor-element-29ce826c elementor-widget elementor-widget-text-editor\" data-id=\"29ce826c\" data-element_type=\"widget\" data-widget_type=\"text-editor.default\">\n\t\t\t\t<div class=\"elementor-widget-container\">\n\t\t\t\t\t<div class=\"elementor-text-editor elementor-clearfix\"><ul><li><a href=\"https:\/\/ipmont.me\/wp-content\/uploads\/2020\/02\/Stampa-Opsti-uslovi.pdf\" target=\"_blank\" rel=\"noopener\">Op\u0161ti uslovi pru\u017eanja usluga<\/a><\/li><li><a href=\"https:\/\/ipmont.me\/index.php\/kontakt\/\">Kontakt<\/a><\/li><\/ul><\/div>\n\t\t\t\t<\/div>\n\t\t\t\t<\/div>\n\t\t\t\t\t\t<\/div>\n\t\t\t\t\t<\/div>\n\t\t<\/div>\n\t\t\t\t<div class=\"elementor-column elementor-col-25 elementor-top-column elementor-element elementor-element-4467c13c\" data-id=\"4467c13c\" data-element_type=\"column\">\n\t\t\t<div class=\"elementor-column-wrap elementor-element-populated\">\n\t\t\t\t\t\t\t<div class=\"elementor-widget-wrap\">\n\t\t\t\t\t\t<div class=\"elementor-element elementor-element-63598e0d elementor-widget elementor-widget-text-editor\" data-id=\"63598e0d\" data-element_type=\"widget\" data-widget_type=\"text-editor.default\">\n\t\t\t\t<div class=\"elementor-widget-container\">\n\t\t\t\t\t<div class=\"elementor-text-editor elementor-clearfix\"><ul><li><a href=\"https:\/\/ipmont.me\/index.php\/ip-telefonija\/\">IP telefonija<\/a><\/li><li><a href=\"https:\/\/ipmont.me\/index.php\/simetricni-internet\/\">Simetri\u010dni internet<\/a><\/li><\/ul><\/div>\n\t\t\t\t<\/div>\n\t\t\t\t<\/div>\n\t\t\t\t\t\t<\/div>\n\t\t\t\t\t<\/div>\n\t\t<\/div>\n\t\t\t\t<div class=\"elementor-column elementor-col-25 elementor-top-column elementor-element elementor-element-5d7d74a9\" data-id=\"5d7d74a9\" data-element_type=\"column\">\n\t\t\t<div class=\"elementor-column-wrap elementor-element-populated\">\n\t\t\t\t\t\t\t<div class=\"elementor-widget-wrap\">\n\t\t\t\t\t\t<div class=\"elementor-element elementor-element-4a3955e0 elementor-widget elementor-widget-text-editor\" data-id=\"4a3955e0\" data-element_type=\"widget\" data-widget_type=\"text-editor.default\">\n\t\t\t\t<div class=\"elementor-widget-container\">\n\t\t\t\t\t<div class=\"elementor-text-editor elementor-clearfix\"><ul><li><a href=\"https:\/\/ipmont.me\/index.php\/iznajmljene-linije\/\">Iznajmljene linije<\/a><\/li><li><a href=\"https:\/\/ipmont.me\/index.php\/iznajmlivanje-optickih-vlakana\/\">Iznajmljivanje opti\u010dkih vlakana<\/a><\/li><\/ul><\/div>\n\t\t\t\t<\/div>\n\t\t\t\t<\/div>\n\t\t\t\t\t\t<\/div>\n\t\t\t\t\t<\/div>\n\t\t<\/div>\n\t\t\t\t\t\t\t\t<\/div>\n\t\t\t\t\t<\/div>\n\t\t<\/section>\n\t\t\t\t\t\t<\/div>\n\t\t\t\t\t\t<\/div>\n\t\t\t\t\t<\/div>\n\t\t","protected":false},"excerpt":{"rendered":"<p>IZNAJMLJENE LINIJE IPMONT nudi sigurnu i brzu Ethernet vezu od ta\u010dke do ta\u010dke ili vi\u0161e ta\u010daka u okviru svoje opti\u010dke mre\u017ee u Podgorici. Mre\u017ea i fleksibilnost nam omogu\u0107avajuda podr\u017eimo sve brzine pristupa od 1 Mbps do 10 G. Usluga obezbje\u0111uje nekoliko va\u017enih prenosti za one kojima je potreban pouzdan prenos podataka izme\u0111u vi\u0161e filijala jedne &hellip;<\/p>\n<p class=\"read-more\"> <a class=\"\" href=\"http:\/\/www.ipmont.me\/index.php\/iznajmljene-linije\/\"> <span class=\"screen-reader-text\">Iznajmljene linije<\/span> Read More &raquo;<\/a><\/p>\n","protected":false},"author":1,"featured_media":0,"parent":0,"menu_order":0,"comment_status":"closed","ping_status":"closed","template":"","meta":[],"_links":{"self":[{"href":"http:\/\/www.ipmont.me\/index.php\/wp-json\/wp\/v2\/pages\/32"}],"collection":[{"href":"http:\/\/www.ipmont.me\/index.php\/wp-json\/wp\/v2\/pages"}],"about":[{"href":"http:\/\/www.ipmont.me\/index.php\/wp-json\/wp\/v2\/types\/page"}],"author":[{"embeddable":true,"href":"http:\/\/www.ipmont.me\/index.php\/wp-json\/wp\/v2\/users\/1"}],"replies":[{"embeddable":true,"href":"http:\/\/www.ipmont.me\/index.php\/wp-json\/wp\/v2\/comments?post=32"}],"version-history":[{"count":17,"href":"http:\/\/www.ipmont.me\/index.php\/wp-json\/wp\/v2\/pages\/32\/revisions"}],"predecessor-version":[{"id":460,"href":"http:\/\/www.ipmont.me\/index.php\/wp-json\/wp\/v2\/pages\/32\/revisions\/460"}],"wp:attachment":[{"href":"http:\/\/www.ipmont.me\/index.php\/wp-json\/wp\/v2\/media?parent=32"}],"curies":[{"name":"wp","href":"https:\/\/api.w.org\/{rel}","templated":true}]}}