{"id":35,"date":"2020-01-24T20:14:19","date_gmt":"2020-01-24T20:14:19","guid":{"rendered":"http:\/\/192.168.1.56\/?page_id=35"},"modified":"2020-02-18T11:49:04","modified_gmt":"2020-02-18T10:49:04","slug":"iznajmlivanje-optickih-vlakana","status":"publish","type":"page","link":"http:\/\/www.ipmont.me\/index.php\/iznajmlivanje-optickih-vlakana\/","title":{"rendered":"Iznajmljivanje opti\u010dkih vlakana"},"content":{"rendered":"\t\t<div data-elementor-type=\"wp-page\" data-elementor-id=\"35\" class=\"elementor elementor-35\" data-elementor-settings=\"[]\">\n\t\t\t\t\t\t<div class=\"elementor-inner\">\n\t\t\t\t\t\t\t<div class=\"elementor-section-wrap\">\n\t\t\t\t\t\t\t<section class=\"elementor-section elementor-top-section elementor-element elementor-element-48d4018 elementor-section-stretched elementor-section-height-min-height elementor-section-boxed elementor-section-height-default elementor-section-items-middle\" data-id=\"48d4018\" data-element_type=\"section\" data-settings=\"{&quot;stretch_section&quot;:&quot;section-stretched&quot;,&quot;background_background&quot;:&quot;slideshow&quot;,&quot;background_slideshow_gallery&quot;:[{&quot;id&quot;:343,&quot;url&quot;:&quot;https:\\\/\\\/ipmont.me\\\/wp-content\\\/uploads\\\/2020\\\/02\\\/blog-passive-optical-fiber-1024x538-1.jpg&quot;}],&quot;background_slideshow_loop&quot;:&quot;yes&quot;,&quot;background_slideshow_slide_duration&quot;:5000,&quot;background_slideshow_slide_transition&quot;:&quot;fade&quot;,&quot;background_slideshow_transition_duration&quot;:500}\">\n\t\t\t\t\t\t<div class=\"elementor-container elementor-column-gap-default\">\n\t\t\t\t\t\t\t<div class=\"elementor-row\">\n\t\t\t\t\t<div class=\"elementor-column elementor-col-100 elementor-top-column elementor-element elementor-element-88a0171\" data-id=\"88a0171\" data-element_type=\"column\">\n\t\t\t<div class=\"elementor-column-wrap elementor-element-populated\">\n\t\t\t\t\t\t\t<div class=\"elementor-widget-wrap\">\n\t\t\t\t\t\t<div class=\"elementor-element elementor-element-887f63a elementor-widget elementor-widget-heading\" data-id=\"887f63a\" data-element_type=\"widget\" data-widget_type=\"heading.default\">\n\t\t\t\t<div class=\"elementor-widget-container\">\n\t\t\t<h2 class=\"elementor-heading-title elementor-size-default\">IZNAJMLJIVANJE OPTI\u010cKIH VLAKANA<\/h2>\t\t<\/div>\n\t\t\t\t<\/div>\n\t\t\t\t\t\t<\/div>\n\t\t\t\t\t<\/div>\n\t\t<\/div>\n\t\t\t\t\t\t\t\t<\/div>\n\t\t\t\t\t<\/div>\n\t\t<\/section>\n\t\t\t\t<section class=\"elementor-section elementor-top-section elementor-element elementor-element-45c92317 elementor-section-stretched elementor-section-boxed elementor-section-height-default elementor-section-height-default\" data-id=\"45c92317\" data-element_type=\"section\" data-settings=\"{&quot;background_background&quot;:&quot;gradient&quot;,&quot;stretch_section&quot;:&quot;section-stretched&quot;}\">\n\t\t\t\t\t\t<div class=\"elementor-container elementor-column-gap-default\">\n\t\t\t\t\t\t\t<div class=\"elementor-row\">\n\t\t\t\t\t<div class=\"elementor-column elementor-col-100 elementor-top-column elementor-element elementor-element-5814438c\" data-id=\"5814438c\" data-element_type=\"column\">\n\t\t\t<div class=\"elementor-column-wrap elementor-element-populated\">\n\t\t\t\t\t\t\t<div class=\"elementor-widget-wrap\">\n\t\t\t\t\t\t<section class=\"elementor-section elementor-inner-section elementor-element elementor-element-88d238d elementor-section-boxed elementor-section-height-default elementor-section-height-default\" data-id=\"88d238d\" data-element_type=\"section\">\n\t\t\t\t\t\t<div class=\"elementor-container elementor-column-gap-wider\">\n\t\t\t\t\t\t\t<div class=\"elementor-row\">\n\t\t\t\t\t<div class=\"elementor-column elementor-col-33 elementor-inner-column elementor-element elementor-element-79aa0090 elementor-invisible\" data-id=\"79aa0090\" data-element_type=\"column\" data-settings=\"{&quot;animation&quot;:&quot;fadeInUp&quot;}\">\n\t\t\t<div class=\"elementor-column-wrap elementor-element-populated\">\n\t\t\t\t\t\t\t<div class=\"elementor-widget-wrap\">\n\t\t\t\t\t\t<div class=\"elementor-element elementor-element-7992c293 elementor-widget elementor-widget-testimonial\" data-id=\"7992c293\" data-element_type=\"widget\" data-widget_type=\"testimonial.default\">\n\t\t\t\t<div class=\"elementor-widget-container\">\n\t\t\t\t\t<div class=\"elementor-testimonial-wrapper elementor-testimonial-text-align-left\">\n\t\t\t\t\t\t\t<div class=\"elementor-testimonial-content\">\n\nPostanite deo savremene mre\u017ee!\n\nIzaberite najbolje i najpouzdanije za Va\u0161 posao!\n\nPove\u017eite svoje lokacije sa IPMONT opti\u010dkom mre\u017eom i iskoristite prednosti najbr\u017eeg i najpopularnijeg na\u010dina prenosa podataka.\n\nIznajmite opti\u010dko vlakno i dobi\u0107ete:<br> * velike brzine prenosa<br>* mogu\u0107nost prenosa velike koli\u010dine podataka<br> * siguran link za poslovnu upotrebu<br>* \npodr\u0161ku posve\u0107enu samo Vama\n<\/div>\n\t\t\t\n\t\t\t\t\t\t<div class=\"elementor-testimonial-meta elementor-has-image elementor-testimonial-image-position-aside\">\n\t\t\t\t<div class=\"elementor-testimonial-meta-inner\">\n\t\t\t\t\t\t\t\t\t\t\t<div class=\"elementor-testimonial-image\">\n\t\t\t\t\t\t\t<a href=\"https:\/\/ipmont.me\/wp-content\/uploads\/2020\/02\/Stampa-Opsti-uslovi.pdf\" target=\"_blank\"><img width=\"1500\" height=\"1500\" src=\"http:\/\/www.ipmont.me\/wp-content\/uploads\/2020\/02\/Globus.png\" class=\"attachment-full size-full\" alt=\"\" decoding=\"async\" loading=\"lazy\" srcset=\"http:\/\/www.ipmont.me\/wp-content\/uploads\/2020\/02\/Globus.png 1500w, http:\/\/www.ipmont.me\/wp-content\/uploads\/2020\/02\/Globus-300x300.png 300w, http:\/\/www.ipmont.me\/wp-content\/uploads\/2020\/02\/Globus-1024x1024.png 1024w, http:\/\/www.ipmont.me\/wp-content\/uploads\/2020\/02\/Globus-150x150.png 150w, http:\/\/www.ipmont.me\/wp-content\/uploads\/2020\/02\/Globus-768x768.png 768w\" sizes=\"(max-width: 1500px) 100vw, 1500px\" \/><\/a>\t\t\t\t\t\t<\/div>\n\t\t\t\t\t\n\t\t\t\t\t\t\t\t\t\t<div class=\"elementor-testimonial-details\">\n\t\t\t\t\t\t\t\t\t\t\t\t\t\t<a class=\"elementor-testimonial-name\" href=\"https:\/\/ipmont.me\/wp-content\/uploads\/2020\/02\/Stampa-Opsti-uslovi.pdf\" target=\"_blank\">Op\u0161ti uslovi<\/a>\n\t\t\t\t\t\t\t\t\t\t\t\t\t\t\t\t\t\t\t\t\t\t<a class=\"elementor-testimonial-job\" href=\"https:\/\/ipmont.me\/wp-content\/uploads\/2020\/02\/Stampa-Opsti-uslovi.pdf\" target=\"_blank\">pru\u017eanja usluga<\/a>\n\t\t\t\t\t\t\t\t\t\t\t\t\t<\/div>\n\t\t\t\t\t\t\t\t\t<\/div>\n\t\t\t<\/div>\n\t\t\t\t\t<\/div>\n\t\t\t\t<\/div>\n\t\t\t\t<\/div>\n\t\t\t\t\t\t<\/div>\n\t\t\t\t\t<\/div>\n\t\t<\/div>\n\t\t\t\t<div class=\"elementor-column elementor-col-33 elementor-inner-column elementor-element elementor-element-69c846d9 elementor-invisible\" data-id=\"69c846d9\" data-element_type=\"column\" data-settings=\"{&quot;animation&quot;:&quot;fadeInUp&quot;,&quot;animation_delay&quot;:200}\">\n\t\t\t<div class=\"elementor-column-wrap elementor-element-populated\">\n\t\t\t\t\t\t\t<div class=\"elementor-widget-wrap\">\n\t\t\t\t\t\t<div class=\"elementor-element elementor-element-5ecb7564 elementor-widget elementor-widget-testimonial\" data-id=\"5ecb7564\" data-element_type=\"widget\" data-widget_type=\"testimonial.default\">\n\t\t\t\t<div class=\"elementor-widget-container\">\n\t\t\t\t\t<div class=\"elementor-testimonial-wrapper elementor-testimonial-text-align-left\">\n\t\t\t\t\t\t\t<div class=\"elementor-testimonial-content\">U prilici smo da Vam u okviru tehni\u010dkih mogu\u0107nosti pru\u017eimo uslugu iznajmljivanja opti\u010dkih vlakana u okviru sopstvene mre\u017ee koju smo izgradili na podru\u010dju Podgorice. Ovom uslugom Vam omogu\u0107avamo da svoje lokacije me\u0111usobno pove\u017eete sa medijumom koji vam pru\u017ea neslu\u0107ene mogu\u0107nosti u brzinama i pouzdanosti prenosa podataka. Pozovite da provjerimo tehni\u010dke mogu\u0107nosti za Va\u0161e potrebe.<br><br><\/div>\n\t\t\t\n\t\t\t\t\t\t<div class=\"elementor-testimonial-meta elementor-has-image elementor-testimonial-image-position-aside\">\n\t\t\t\t<div class=\"elementor-testimonial-meta-inner\">\n\t\t\t\t\t\t\t\t\t\t\t<div class=\"elementor-testimonial-image\">\n\t\t\t\t\t\t\t<a href=\"https:\/\/ipmont.me\/wp-content\/uploads\/2020\/02\/Stampa-Ugovor-iznajmljivanje-OV.pdf\" target=\"_blank\"><img width=\"1280\" height=\"853\" src=\"http:\/\/www.ipmont.me\/wp-content\/uploads\/2020\/02\/fiber-optic-2749588_1280.jpg\" class=\"attachment-full size-full\" alt=\"\" decoding=\"async\" loading=\"lazy\" srcset=\"http:\/\/www.ipmont.me\/wp-content\/uploads\/2020\/02\/fiber-optic-2749588_1280.jpg 1280w, http:\/\/www.ipmont.me\/wp-content\/uploads\/2020\/02\/fiber-optic-2749588_1280-300x200.jpg 300w, http:\/\/www.ipmont.me\/wp-content\/uploads\/2020\/02\/fiber-optic-2749588_1280-1024x682.jpg 1024w, http:\/\/www.ipmont.me\/wp-content\/uploads\/2020\/02\/fiber-optic-2749588_1280-768x512.jpg 768w\" sizes=\"(max-width: 1280px) 100vw, 1280px\" \/><\/a>\t\t\t\t\t\t<\/div>\n\t\t\t\t\t\n\t\t\t\t\t\t\t\t\t\t<div class=\"elementor-testimonial-details\">\n\t\t\t\t\t\t\t\t\t\t\t\t\t\t<a class=\"elementor-testimonial-name\" href=\"https:\/\/ipmont.me\/wp-content\/uploads\/2020\/02\/Stampa-Ugovor-iznajmljivanje-OV.pdf\" target=\"_blank\">Tipski ugovor za<\/a>\n\t\t\t\t\t\t\t\t\t\t\t\t\t\t\t\t\t\t\t\t\t\t<a class=\"elementor-testimonial-job\" href=\"https:\/\/ipmont.me\/wp-content\/uploads\/2020\/02\/Stampa-Ugovor-iznajmljivanje-OV.pdf\" target=\"_blank\">opti\u010dka vlakna<\/a>\n\t\t\t\t\t\t\t\t\t\t\t\t\t<\/div>\n\t\t\t\t\t\t\t\t\t<\/div>\n\t\t\t<\/div>\n\t\t\t\t\t<\/div>\n\t\t\t\t<\/div>\n\t\t\t\t<\/div>\n\t\t\t\t\t\t<\/div>\n\t\t\t\t\t<\/div>\n\t\t<\/div>\n\t\t\t\t<div class=\"elementor-column elementor-col-33 elementor-inner-column elementor-element elementor-element-4a2c82bc elementor-invisible\" data-id=\"4a2c82bc\" data-element_type=\"column\" data-settings=\"{&quot;animation&quot;:&quot;fadeInUp&quot;,&quot;animation_delay&quot;:400}\">\n\t\t\t<div class=\"elementor-column-wrap elementor-element-populated\">\n\t\t\t\t\t\t\t<div class=\"elementor-widget-wrap\">\n\t\t\t\t\t\t<div class=\"elementor-element elementor-element-5001e1bb elementor-widget elementor-widget-testimonial\" data-id=\"5001e1bb\" data-element_type=\"widget\" data-widget_type=\"testimonial.default\">\n\t\t\t\t<div class=\"elementor-widget-container\">\n\t\t\t\t\t<div class=\"elementor-testimonial-wrapper elementor-testimonial-text-align-left\">\n\t\t\t\t\t\t\t<div class=\"elementor-testimonial-content\">Cijena iznajmljivanja opti\u010dkih vlakana zavisi od du\u017eine upotrebljanih vlakana, perioda na koji se potpisuje ugovor  i broja lokacija koje se me\u0111usobno povezuju. <br><br><br><br><br><br><br><br><br><\/div>\n\t\t\t\n\t\t\t\t\t\t<div class=\"elementor-testimonial-meta elementor-has-image elementor-testimonial-image-position-aside\">\n\t\t\t\t<div class=\"elementor-testimonial-meta-inner\">\n\t\t\t\t\t\t\t\t\t\t\t<div class=\"elementor-testimonial-image\">\n\t\t\t\t\t\t\t<a href=\"https:\/\/ipmont.me\/wp-content\/uploads\/2020\/02\/Cjenovnik-iznajmljivanje-opticko-vlakno.pdf\" target=\"_blank\"><img width=\"1254\" height=\"837\" src=\"http:\/\/www.ipmont.me\/wp-content\/uploads\/2020\/02\/fiber-optical-cables-istock-kynny.jpg\" class=\"attachment-full size-full\" alt=\"\" decoding=\"async\" loading=\"lazy\" srcset=\"http:\/\/www.ipmont.me\/wp-content\/uploads\/2020\/02\/fiber-optical-cables-istock-kynny.jpg 1254w, http:\/\/www.ipmont.me\/wp-content\/uploads\/2020\/02\/fiber-optical-cables-istock-kynny-300x200.jpg 300w, http:\/\/www.ipmont.me\/wp-content\/uploads\/2020\/02\/fiber-optical-cables-istock-kynny-1024x683.jpg 1024w, http:\/\/www.ipmont.me\/wp-content\/uploads\/2020\/02\/fiber-optical-cables-istock-kynny-768x513.jpg 768w\" sizes=\"(max-width: 1254px) 100vw, 1254px\" \/><\/a>\t\t\t\t\t\t<\/div>\n\t\t\t\t\t\n\t\t\t\t\t\t\t\t\t\t<div class=\"elementor-testimonial-details\">\n\t\t\t\t\t\t\t\t\t\t\t\t\t\t<a class=\"elementor-testimonial-name\" href=\"https:\/\/ipmont.me\/wp-content\/uploads\/2020\/02\/Cjenovnik-iznajmljivanje-opticko-vlakno.pdf\" target=\"_blank\">Cjenovnik <\/a>\n\t\t\t\t\t\t\t\t\t\t\t\t\t\t\t\t\t\t\t\t\t\t<a class=\"elementor-testimonial-job\" href=\"https:\/\/ipmont.me\/wp-content\/uploads\/2020\/02\/Cjenovnik-iznajmljivanje-opticko-vlakno.pdf\" target=\"_blank\">iznajmljivanja<\/a>\n\t\t\t\t\t\t\t\t\t\t\t\t\t<\/div>\n\t\t\t\t\t\t\t\t\t<\/div>\n\t\t\t<\/div>\n\t\t\t\t\t<\/div>\n\t\t\t\t<\/div>\n\t\t\t\t<\/div>\n\t\t\t\t\t\t<\/div>\n\t\t\t\t\t<\/div>\n\t\t<\/div>\n\t\t\t\t\t\t\t\t<\/div>\n\t\t\t\t\t<\/div>\n\t\t<\/section>\n\t\t\t\t\t\t<\/div>\n\t\t\t\t\t<\/div>\n\t\t<\/div>\n\t\t\t\t\t\t\t\t<\/div>\n\t\t\t\t\t<\/div>\n\t\t<\/section>\n\t\t\t\t<section class=\"elementor-section elementor-top-section elementor-element elementor-element-65923455 elementor-section-stretched elementor-section-height-min-height elementor-section-boxed elementor-section-height-default elementor-section-items-middle\" data-id=\"65923455\" data-element_type=\"section\" data-settings=\"{&quot;stretch_section&quot;:&quot;section-stretched&quot;,&quot;background_background&quot;:&quot;classic&quot;}\">\n\t\t\t\t\t\t<div class=\"elementor-container elementor-column-gap-default\">\n\t\t\t\t\t\t\t<div class=\"elementor-row\">\n\t\t\t\t\t<div class=\"elementor-column elementor-col-25 elementor-top-column elementor-element elementor-element-5ca814f2\" data-id=\"5ca814f2\" data-element_type=\"column\">\n\t\t\t<div class=\"elementor-column-wrap elementor-element-populated\">\n\t\t\t\t\t\t\t<div class=\"elementor-widget-wrap\">\n\t\t\t\t\t\t<div class=\"elementor-element elementor-element-2ec39ab4 elementor-widget elementor-widget-text-editor\" data-id=\"2ec39ab4\" data-element_type=\"widget\" data-widget_type=\"text-editor.default\">\n\t\t\t\t<div class=\"elementor-widget-container\">\n\t\t\t\t\t<div class=\"elementor-text-editor elementor-clearfix\"><ul><li><a href=\"https:\/\/ipmont.me\/\">Po\u010detna<\/a><\/li><li><a href=\"https:\/\/ipmont.me\/index.php\/o-nama\/\">O nama<\/a><\/li><\/ul><\/div>\n\t\t\t\t<\/div>\n\t\t\t\t<\/div>\n\t\t\t\t\t\t<\/div>\n\t\t\t\t\t<\/div>\n\t\t<\/div>\n\t\t\t\t<div class=\"elementor-column elementor-col-25 elementor-top-column elementor-element elementor-element-78e4f156\" data-id=\"78e4f156\" data-element_type=\"column\">\n\t\t\t<div class=\"elementor-column-wrap elementor-element-populated\">\n\t\t\t\t\t\t\t<div class=\"elementor-widget-wrap\">\n\t\t\t\t\t\t<div class=\"elementor-element elementor-element-3c165e0d elementor-widget elementor-widget-text-editor\" data-id=\"3c165e0d\" data-element_type=\"widget\" data-widget_type=\"text-editor.default\">\n\t\t\t\t<div class=\"elementor-widget-container\">\n\t\t\t\t\t<div class=\"elementor-text-editor elementor-clearfix\"><ul><li><a href=\"https:\/\/ipmont.me\/wp-content\/uploads\/2020\/02\/Stampa-Opsti-uslovi.pdf\" target=\"_blank\" rel=\"noopener\">Op\u0161ti uslovi pru\u017eanja usluga<\/a><\/li><li><a href=\"https:\/\/ipmont.me\/index.php\/kontakt\/\">Kontakt<\/a><\/li><\/ul><\/div>\n\t\t\t\t<\/div>\n\t\t\t\t<\/div>\n\t\t\t\t\t\t<\/div>\n\t\t\t\t\t<\/div>\n\t\t<\/div>\n\t\t\t\t<div class=\"elementor-column elementor-col-25 elementor-top-column elementor-element elementor-element-4e2a284d\" data-id=\"4e2a284d\" data-element_type=\"column\">\n\t\t\t<div class=\"elementor-column-wrap elementor-element-populated\">\n\t\t\t\t\t\t\t<div class=\"elementor-widget-wrap\">\n\t\t\t\t\t\t<div class=\"elementor-element elementor-element-de08c8c elementor-widget elementor-widget-text-editor\" data-id=\"de08c8c\" data-element_type=\"widget\" data-widget_type=\"text-editor.default\">\n\t\t\t\t<div class=\"elementor-widget-container\">\n\t\t\t\t\t<div class=\"elementor-text-editor elementor-clearfix\"><ul><li><a href=\"https:\/\/ipmont.me\/index.php\/ip-telefonija\/\">IP telefonija<\/a><\/li><li><a href=\"https:\/\/ipmont.me\/index.php\/simetricni-internet\/\">Simetri\u010dni internet<\/a><\/li><\/ul><\/div>\n\t\t\t\t<\/div>\n\t\t\t\t<\/div>\n\t\t\t\t\t\t<\/div>\n\t\t\t\t\t<\/div>\n\t\t<\/div>\n\t\t\t\t<div class=\"elementor-column elementor-col-25 elementor-top-column elementor-element elementor-element-5273c38c\" data-id=\"5273c38c\" data-element_type=\"column\">\n\t\t\t<div class=\"elementor-column-wrap elementor-element-populated\">\n\t\t\t\t\t\t\t<div class=\"elementor-widget-wrap\">\n\t\t\t\t\t\t<div class=\"elementor-element elementor-element-6d1fc7f5 elementor-widget elementor-widget-text-editor\" data-id=\"6d1fc7f5\" data-element_type=\"widget\" data-widget_type=\"text-editor.default\">\n\t\t\t\t<div class=\"elementor-widget-container\">\n\t\t\t\t\t<div class=\"elementor-text-editor elementor-clearfix\"><ul><li><a href=\"https:\/\/ipmont.me\/index.php\/iznajmljene-linije\/\">Iznajmljene linije<\/a><\/li><li><a href=\"https:\/\/ipmont.me\/index.php\/iznajmlivanje-optickih-vlakana\/\">Iznajmljivanje opti\u010dkih vlakana<\/a><\/li><\/ul><\/div>\n\t\t\t\t<\/div>\n\t\t\t\t<\/div>\n\t\t\t\t\t\t<\/div>\n\t\t\t\t\t<\/div>\n\t\t<\/div>\n\t\t\t\t\t\t\t\t<\/div>\n\t\t\t\t\t<\/div>\n\t\t<\/section>\n\t\t\t\t\t\t<\/div>\n\t\t\t\t\t\t<\/div>\n\t\t\t\t\t<\/div>\n\t\t","protected":false},"excerpt":{"rendered":"<p>IZNAJMLJIVANJE OPTI\u010cKIH VLAKANA Postanite deo savremene mre\u017ee! Izaberite najbolje i najpouzdanije za Va\u0161 posao! Pove\u017eite svoje lokacije sa IPMONT opti\u010dkom mre\u017eom i iskoristite prednosti najbr\u017eeg i najpopularnijeg na\u010dina prenosa podataka. Iznajmite opti\u010dko vlakno i dobi\u0107ete: * velike brzine prenosa* mogu\u0107nost prenosa velike koli\u010dine podataka * siguran link za poslovnu upotrebu* podr\u0161ku posve\u0107enu samo Vama Op\u0161ti &hellip;<\/p>\n<p class=\"read-more\"> <a class=\"\" href=\"http:\/\/www.ipmont.me\/index.php\/iznajmlivanje-optickih-vlakana\/\"> <span class=\"screen-reader-text\">Iznajmljivanje opti\u010dkih vlakana<\/span> Read More &raquo;<\/a><\/p>\n","protected":false},"author":1,"featured_media":0,"parent":0,"menu_order":0,"comment_status":"closed","ping_status":"closed","template":"","meta":[],"_links":{"self":[{"href":"http:\/\/www.ipmont.me\/index.php\/wp-json\/wp\/v2\/pages\/35"}],"collection":[{"href":"http:\/\/www.ipmont.me\/index.php\/wp-json\/wp\/v2\/pages"}],"about":[{"href":"http:\/\/www.ipmont.me\/index.php\/wp-json\/wp\/v2\/types\/page"}],"author":[{"embeddable":true,"href":"http:\/\/www.ipmont.me\/index.php\/wp-json\/wp\/v2\/users\/1"}],"replies":[{"embeddable":true,"href":"http:\/\/www.ipmont.me\/index.php\/wp-json\/wp\/v2\/comments?post=35"}],"version-history":[{"count":15,"href":"http:\/\/www.ipmont.me\/index.php\/wp-json\/wp\/v2\/pages\/35\/revisions"}],"predecessor-version":[{"id":461,"href":"http:\/\/www.ipmont.me\/index.php\/wp-json\/wp\/v2\/pages\/35\/revisions\/461"}],"wp:attachment":[{"href":"http:\/\/www.ipmont.me\/index.php\/wp-json\/wp\/v2\/media?parent=35"}],"curies":[{"name":"wp","href":"https:\/\/api.w.org\/{rel}","templated":true}]}}